{"id":77,"date":"2026-01-07T09:45:54","date_gmt":"2026-01-07T09:45:54","guid":{"rendered":"https:\/\/technicalcourses.es\/?page_id=77"},"modified":"2026-02-15T19:35:38","modified_gmt":"2026-02-15T19:35:38","slug":"contacto","status":"publish","type":"page","link":"https:\/\/technicalcourses.es\/en\/contacto\/","title":{"rendered":"Contact details"},"content":{"rendered":"\t\t<div data-elementor-type=\"wp-page\" data-elementor-id=\"77\" class=\"elementor elementor-77\" data-elementor-post-type=\"page\">\n\t\t\t\t<div class=\"elementor-element elementor-element-cfee916 e-flex e-con-boxed e-con e-parent\" data-id=\"cfee916\" data-element_type=\"container\" data-e-type=\"container\">\n\t\t\t\t\t<div class=\"e-con-inner\">\n\t\t\t\t<div class=\"elementor-element elementor-element-6d94ddf elementor-widget elementor-widget-spacer\" data-id=\"6d94ddf\" data-element_type=\"widget\" data-e-type=\"widget\" data-widget_type=\"spacer.default\">\n\t\t\t\t\t\t\t<div class=\"elementor-spacer\">\n\t\t\t<div class=\"elementor-spacer-inner\"><\/div>\n\t\t<\/div>\n\t\t\t\t\t\t<\/div>\n\t\t\t\t\t<\/div>\n\t\t\t\t<\/div>\n\t\t<div class=\"elementor-element elementor-element-20442c6 e-con-full e-flex e-con e-parent\" data-id=\"20442c6\" data-element_type=\"container\" data-e-type=\"container\">\n\t\t<div class=\"elementor-element elementor-element-30172c5 e-con-full e-flex e-con e-child\" data-id=\"30172c5\" data-element_type=\"container\" data-e-type=\"container\">\n\t\t\t\t<div class=\"elementor-element elementor-element-a302e0d elementor-widget elementor-widget-heading\" data-id=\"a302e0d\" data-element_type=\"widget\" data-e-type=\"widget\" data-widget_type=\"heading.default\">\n\t\t\t\t\t<h2 class=\"elementor-heading-title elementor-size-default\">Quienes somos<\/h2>\t\t\t\t<\/div>\n\t\t\t\t<div class=\"elementor-element elementor-element-6bda908 elementor-widget elementor-widget-text-editor\" data-id=\"6bda908\" data-element_type=\"widget\" data-e-type=\"widget\" data-widget_type=\"text-editor.default\">\n\t\t\t\t\t\t\t\t\t<p data-start=\"975\" data-end=\"1157\"><strong data-start=\"975\" data-end=\"996\">Technical Courses<\/strong> es la plataforma de formaci\u00f3n online de <strong data-start=\"1037\" data-end=\"1060\">NORPLAN Engineering<\/strong>, orientada a la capacitaci\u00f3n t\u00e9cnica de profesionales del \u00e1mbito industrial, energ\u00e9tico y naval.<\/p><p data-start=\"1159\" data-end=\"1358\">Desde hace m\u00e1s de doce a\u00f1os impartimos formaci\u00f3n especializada a ingenieros y t\u00e9cnicos de empresas nacionales e internacionales, as\u00ed como en colaboraci\u00f3n con universidades y centros de investigaci\u00f3n.<\/p><p data-start=\"1360\" data-end=\"1522\">Nuestro enfoque se basa en contenidos aplicados a entornos reales de trabajo, tutorizaci\u00f3n profesional y acompa\u00f1amiento t\u00e9cnico durante todo el proceso formativo.<\/p><p data-start=\"1524\" data-end=\"1664\">Si desea informaci\u00f3n sobre nuestros cursos o soluciones formativas a medida, puede contactar con nosotros a trav\u00e9s del siguiente formulario.<\/p><p data-start=\"1524\" data-end=\"1664\">Para m\u00e1s informaci\u00f3n, visite nuestra Web Corporativa en <a href=\"http:\/\/norplan.es\">norplan.es<\/a><\/p>\t\t\t\t\t\t\t\t<\/div>\n\t\t\t\t<\/div>\n\t\t<div class=\"elementor-element elementor-element-06b4761 e-con-full e-flex e-con e-child\" data-id=\"06b4761\" data-element_type=\"container\" data-e-type=\"container\">\n\t\t\t\t<div class=\"elementor-element elementor-element-29c040d elementor-widget__width-initial elementor-widget-tablet__width-initial elementor-widget elementor-widget-text-editor\" data-id=\"29c040d\" data-element_type=\"widget\" data-e-type=\"widget\" data-widget_type=\"text-editor.default\">\n\t\t\t\t\t\t\t\t\t<table border=\"0\" width=\"650\" cellspacing=\"0\" cellpadding=\"10\" align=\"center\"><tbody><tr><td class=\"EstiloLetra\" style=\"text-align: center;\" align=\"right\" bgcolor=\"#F5F5F5\" width=\"141\">Tel\u00e9fono<\/td><td class=\"EstiloLetra\" bgcolor=\"#F5F5F5\" width=\"238\">+34 600 826 122\/+34 604859663<\/td><\/tr><tr><td class=\"EstiloLetra\" style=\"text-align: center;\" align=\"right\">E-Mail<\/td><td><a class=\"EstiloLetra\" href=\"mailto:info@technicalcourses.net\">info@technicalcourses.es<\/a><\/td><\/tr><tr><td class=\"EstiloLetra\" style=\"text-align: center;\" align=\"right\" bgcolor=\"#F5F5F5\">Direcci\u00f3n postal<\/td><td class=\"EstiloLetra\" bgcolor=\"#F5F5F5\">C\/ Ram\u00f3n Cabanillas n\u00ba 13, 15570, Nar\u00f3n, A Coru\u00f1a, Espa\u00f1a (Spain)<\/td><\/tr><tr><td class=\"EstiloLetra\" style=\"text-align: center;\" align=\"right\">Empresa<\/td><td class=\"EstiloLetra\">NORPLAN ENGINEERING S.L.<\/td><\/tr><tr><td class=\"EstiloLetra\" style=\"text-align: center;\" align=\"right\" bgcolor=\"#F5F5F5\">CIF<\/td><td class=\"EstiloLetra\" bgcolor=\"#F5F5F5\">B70458955<\/td><\/tr><tr><td class=\"EstiloLetra\" style=\"text-align: center;\" align=\"right\">Horario de atenci\u00f3n<\/td><td class=\"EstiloLetra\">Lunes a viernes de 8:00 a 20:00<\/td><\/tr><\/tbody><\/table>\t\t\t\t\t\t\t\t<\/div>\n\t\t\t\t<\/div>\n\t\t\t\t<\/div>\n\t\t<div class=\"elementor-element elementor-element-fb6561e e-con-full e-flex e-con e-parent\" data-id=\"fb6561e\" data-element_type=\"container\" data-e-type=\"container\">\n\t\t\t\t<div class=\"elementor-element elementor-element-bd98e7b elementor-widget-divider--view-line_text elementor-widget-divider--element-align-left elementor-widget elementor-widget-divider\" data-id=\"bd98e7b\" data-element_type=\"widget\" data-e-type=\"widget\" data-widget_type=\"divider.default\">\n\t\t\t\t\t\t\t<div class=\"elementor-divider\">\n\t\t\t<span class=\"elementor-divider-separator\">\n\t\t\t\t\t\t\t<h3 class=\"elementor-divider__text elementor-divider__element\">\n\t\t\t\tFormulario de contacto\t\t\t\t<\/h3>\n\t\t\t\t\t\t<\/span>\n\t\t<\/div>\n\t\t\t\t\t\t<\/div>\n\t\t\t\t<\/div>\n\t\t<div class=\"elementor-element elementor-element-e500eaa e-con-full e-flex e-con e-parent\" data-id=\"e500eaa\" data-element_type=\"container\" data-e-type=\"container\">\n\t\t\t\t<div class=\"elementor-element elementor-element-b69bc08 elementor-button-align-stretch elementor-widget elementor-widget-form\" data-id=\"b69bc08\" data-element_type=\"widget\" data-e-type=\"widget\" data-settings=\"{&quot;step_next_label&quot;:&quot;Siguiente&quot;,&quot;step_previous_label&quot;:&quot;Anterior&quot;,&quot;button_width&quot;:&quot;100&quot;,&quot;step_type&quot;:&quot;number_text&quot;,&quot;step_icon_shape&quot;:&quot;circle&quot;}\" data-widget_type=\"form.default\">\n\t\t\t\t\t\t\t<form class=\"elementor-form\" method=\"post\" name=\"Nuevo formulario\" aria-label=\"Nuevo formulario\">\n\t\t\t<input type=\"hidden\" name=\"post_id\" value=\"77\"\/>\n\t\t\t<input type=\"hidden\" name=\"form_id\" value=\"b69bc08\"\/>\n\t\t\t<input type=\"hidden\" name=\"referer_title\" value=\"Contacto\" \/>\n\n\t\t\t\t\t\t\t<input type=\"hidden\" name=\"queried_id\" value=\"77\"\/>\n\t\t\t\n\t\t\t<div class=\"elementor-form-fields-wrapper elementor-labels-above\">\n\t\t\t\t\t\t\t\t<div class=\"elementor-field-type-text elementor-field-group elementor-column elementor-field-group-name elementor-col-50 elementor-field-required\">\n\t\t\t\t\t\t\t\t\t\t\t\t<label for=\"form-field-name\" class=\"elementor-field-label\">\n\t\t\t\t\t\t\t\tNombre\t\t\t\t\t\t\t<\/label>\n\t\t\t\t\t\t\t\t\t\t\t\t\t\t<input size=\"1\" type=\"text\" name=\"form_fields[name]\" id=\"form-field-name\" class=\"elementor-field elementor-size-sm  elementor-field-textual\" required=\"required\">\n\t\t\t\t\t\t\t\t\t\t\t<\/div>\n\t\t\t\t\t\t\t\t<div class=\"elementor-field-type-text elementor-field-group elementor-column elementor-field-group-field_6f62eb3 elementor-col-50\">\n\t\t\t\t\t\t\t\t\t\t\t\t<label for=\"form-field-field_6f62eb3\" class=\"elementor-field-label\">\n\t\t\t\t\t\t\t\tEmpresa\t\t\t\t\t\t\t<\/label>\n\t\t\t\t\t\t\t\t\t\t\t\t\t\t<input size=\"1\" type=\"text\" name=\"form_fields[field_6f62eb3]\" id=\"form-field-field_6f62eb3\" class=\"elementor-field elementor-size-sm  elementor-field-textual\">\n\t\t\t\t\t\t\t\t\t\t\t<\/div>\n\t\t\t\t\t\t\t\t<div class=\"elementor-field-type-email elementor-field-group elementor-column elementor-field-group-field_ca42550 elementor-col-50\">\n\t\t\t\t\t\t\t\t\t\t\t\t<label for=\"form-field-field_ca42550\" class=\"elementor-field-label\">\n\t\t\t\t\t\t\t\tEmail\t\t\t\t\t\t\t<\/label>\n\t\t\t\t\t\t\t\t\t\t\t\t\t\t<input size=\"1\" type=\"email\" name=\"form_fields[field_ca42550]\" id=\"form-field-field_ca42550\" class=\"elementor-field elementor-size-sm  elementor-field-textual\">\n\t\t\t\t\t\t\t\t\t\t\t<\/div>\n\t\t\t\t\t\t\t\t<div class=\"elementor-field-type-tel elementor-field-group elementor-column elementor-field-group-field_43c703c elementor-col-50\">\n\t\t\t\t\t\t\t\t\t\t\t\t<label for=\"form-field-field_43c703c\" class=\"elementor-field-label\">\n\t\t\t\t\t\t\t\tTel\u00e9fono\t\t\t\t\t\t\t<\/label>\n\t\t\t\t\t\t\t\t<input size=\"1\" type=\"tel\" name=\"form_fields[field_43c703c]\" id=\"form-field-field_43c703c\" class=\"elementor-field elementor-size-sm  elementor-field-textual\" pattern=\"[0-9()#&amp;+*-=.]+\" title=\"Only numbers and phone characters (#, -, *, etc) are accepted.\">\n\n\t\t\t\t\t\t<\/div>\n\t\t\t\t\t\t\t\t<div class=\"elementor-field-type-textarea elementor-field-group elementor-column elementor-field-group-message elementor-col-100\">\n\t\t\t\t\t\t\t\t\t\t\t\t<label for=\"form-field-message\" class=\"elementor-field-label\">\n\t\t\t\t\t\t\t\tMensaje\t\t\t\t\t\t\t<\/label>\n\t\t\t\t\t\t<textarea class=\"elementor-field-textual elementor-field  elementor-size-sm\" name=\"form_fields[message]\" id=\"form-field-message\" rows=\"4\" placeholder=\"Mensaje\"><\/textarea>\t\t\t\t<\/div>\n\t\t\t\t\t\t\t\t<div class=\"elementor-field-type-acceptance elementor-field-group elementor-column elementor-field-group-field_9ec1bf1 elementor-col-100 elementor-field-required\">\n\t\t\t\t\t\t\t<div class=\"elementor-field-subgroup\">\n\t\t\t<span class=\"elementor-field-option\">\n\t\t\t\t<input type=\"checkbox\" name=\"form_fields[field_9ec1bf1]\" id=\"form-field-field_9ec1bf1\" class=\"elementor-field elementor-size-sm  elementor-acceptance-field\" required=\"required\">\n\t\t\t\t<label for=\"form-field-field_9ec1bf1\">He le\u00eddo y acepto la <a href=\"https:\/\/technicalcourses.es\/politica-de-privacidad\/\" target=\"_blank\">Pol\u00edtica de Privacidad<\/a> y autorizo el tratamiento de mis datos personales con la finalidad de atender mi solicitud.\n<\/label>\t\t\t<\/span>\n\t\t<\/div>\n\t\t\t\t\t\t<\/div>\n\t\t\t\t\t\t\t\t<div class=\"elementor-field-group elementor-column elementor-field-type-submit elementor-col-100 e-form__buttons\">\n\t\t\t\t\t<button class=\"elementor-button elementor-size-sm\" type=\"submit\">\n\t\t\t\t\t\t<span class=\"elementor-button-content-wrapper\">\n\t\t\t\t\t\t\t\t\t\t\t\t\t\t\t\t\t\t\t\t\t\t<span class=\"elementor-button-text\">Enviar<\/span>\n\t\t\t\t\t\t\t\t\t\t\t\t\t<\/span>\n\t\t\t\t\t<\/button>\n\t\t\t\t<\/div>\n\t\t\t<\/div>\n\t\t<\/form>\n\t\t\t\t\t\t<\/div>\n\t\t\t\t<\/div>\n\t\t\t\t<\/div>\n\t\t","protected":false},"excerpt":{"rendered":"<p>Quienes somos Technical Courses es la plataforma de formaci\u00f3n online de NORPLAN Engineering, orientada a la capacitaci\u00f3n t\u00e9cnica de profesionales del \u00e1mbito industrial, energ\u00e9tico y naval. Desde hace m\u00e1s de doce a\u00f1os impartimos formaci\u00f3n especializada a ingenieros y t\u00e9cnicos de empresas nacionales e internacionales, as\u00ed como en colaboraci\u00f3n con universidades y centros de investigaci\u00f3n. Nuestro [&hellip;]<\/p>\n","protected":false},"author":1,"featured_media":0,"parent":0,"menu_order":0,"comment_status":"closed","ping_status":"closed","template":"","meta":{"_acf_changed":false,"footnotes":""},"class_list":["post-77","page","type-page","status-publish","hentry"],"acf":[],"_links":{"self":[{"href":"https:\/\/technicalcourses.es\/en\/wp-json\/wp\/v2\/pages\/77","targetHints":{"allow":["GET"]}}],"collection":[{"href":"https:\/\/technicalcourses.es\/en\/wp-json\/wp\/v2\/pages"}],"about":[{"href":"https:\/\/technicalcourses.es\/en\/wp-json\/wp\/v2\/types\/page"}],"author":[{"embeddable":true,"href":"https:\/\/technicalcourses.es\/en\/wp-json\/wp\/v2\/users\/1"}],"replies":[{"embeddable":true,"href":"https:\/\/technicalcourses.es\/en\/wp-json\/wp\/v2\/comments?post=77"}],"version-history":[{"count":58,"href":"https:\/\/technicalcourses.es\/en\/wp-json\/wp\/v2\/pages\/77\/revisions"}],"predecessor-version":[{"id":1324,"href":"https:\/\/technicalcourses.es\/en\/wp-json\/wp\/v2\/pages\/77\/revisions\/1324"}],"wp:attachment":[{"href":"https:\/\/technicalcourses.es\/en\/wp-json\/wp\/v2\/media?parent=77"}],"curies":[{"name":"wp","href":"https:\/\/api.w.org\/{rel}","templated":true}]}}